{"id":730,"date":"2022-12-16T15:19:50","date_gmt":"2022-12-16T14:19:50","guid":{"rendered":"https:\/\/indirekte-beleuchtung.com\/shop\/?post_type=product&#038;p=730"},"modified":"2026-02-11T10:52:53","modified_gmt":"2026-02-11T09:52:53","slug":"eckleiste-orac-c990-2m","status":"publish","type":"product","link":"https:\/\/indirekte-beleuchtung.com\/shop\/produkt\/eckleiste-orac-c990-2m\/","title":{"rendered":"Eckleiste ORAC C990 &#8211; 2m"},"content":{"rendered":"<p>[et_pb_section fb_built=&#8220;1&#8243; _builder_version=&#8220;4.19.2&#8243; _module_preset=&#8220;default&#8220; custom_padding=&#8220;0px||0px||false|false&#8220; global_module=&#8220;258&#8243; saved_tabs=&#8220;all&#8220; global_colors_info=&#8220;{}&#8220;][et_pb_row _builder_version=&#8220;4.19.4&#8243; _module_preset=&#8220;default&#8220; custom_padding=&#8220;||1vw||false|false&#8220; global_colors_info=&#8220;{}&#8220;][et_pb_column type=&#8220;4_4&#8243; _builder_version=&#8220;4.19.4&#8243; _module_preset=&#8220;default&#8220; global_colors_info=&#8220;{}&#8220;][et_pb_wc_breadcrumb _builder_version=&#8220;4.19.4&#8243; _module_preset=&#8220;default&#8220; global_colors_info=&#8220;{}&#8220;][\/et_pb_wc_breadcrumb][\/et_pb_column][\/et_pb_row][\/et_pb_section][et_pb_section fb_built=&#8220;1&#8243; _builder_version=&#8220;4.19.2&#8243; _module_preset=&#8220;default&#8220; background_color=&#8220;#eef1f5&#8243; custom_margin=&#8220;||||false|false&#8220; custom_padding=&#8220;0px||0px||false|false&#8220; global_module=&#8220;257&#8243; saved_tabs=&#8220;all&#8220; global_colors_info=&#8220;{}&#8220;][et_pb_row _builder_version=&#8220;4.19.2&#8243; _module_preset=&#8220;default&#8220; background_enable_color=&#8220;off&#8220; custom_margin=&#8220;||||false|false&#8220; custom_padding=&#8220;||||false|false&#8220; global_colors_info=&#8220;{}&#8220;][et_pb_column type=&#8220;4_4&#8243; _builder_version=&#8220;4.19.1&#8243; _module_preset=&#8220;default&#8220; global_colors_info=&#8220;{}&#8220;][et_pb_wc_title _builder_version=&#8220;4.19.2&#8243; _module_preset=&#8220;default&#8220; width=&#8220;80%&#8220; global_colors_info=&#8220;{}&#8220;][\/et_pb_wc_title][\/et_pb_column][\/et_pb_row][\/et_pb_section][et_pb_section fb_built=&#8220;1&#8243; _builder_version=&#8220;4.19.1&#8243; _module_preset=&#8220;default&#8220; custom_margin=&#8220;||||false|false&#8220; custom_padding=&#8220;0px||||false|false&#8220; global_module=&#8220;262&#8243; saved_tabs=&#8220;all&#8220; global_colors_info=&#8220;{}&#8220;][et_pb_row column_structure=&#8220;1_2,1_2&#8243; _builder_version=&#8220;4.19.2&#8243; _module_preset=&#8220;default&#8220; background_color=&#8220;RGBA(255,255,255,0)&#8220; width_tablet=&#8220;&#8220; width_phone=&#8220;100%&#8220; width_last_edited=&#8220;on|phone&#8220; custom_margin=&#8220;||||false|false&#8220; custom_padding=&#8220;||0px||false|false&#8220; global_colors_info=&#8220;{}&#8220;][et_pb_column type=&#8220;1_2&#8243; _builder_version=&#8220;4.19.1&#8243; _module_preset=&#8220;default&#8220; global_colors_info=&#8220;{}&#8220;][et_pb_wc_images _builder_version=&#8220;4.19.2&#8243; _module_preset=&#8220;default&#8220; custom_margin=&#8220;||||false|false&#8220; global_colors_info=&#8220;{}&#8220;][\/et_pb_wc_images][\/et_pb_column][et_pb_column type=&#8220;1_2&#8243; _builder_version=&#8220;4.19.2&#8243; _module_preset=&#8220;default&#8220; custom_padding=&#8220;2vw||||false|false&#8220; global_colors_info=&#8220;{}&#8220;][et_pb_wc_price _builder_version=&#8220;4.19.1&#8243; _module_preset=&#8220;default&#8220; global_colors_info=&#8220;{}&#8220;][\/et_pb_wc_price][et_pb_wc_description _builder_version=&#8220;4.19.1&#8243; _module_preset=&#8220;default&#8220; global_colors_info=&#8220;{}&#8220;][\/et_pb_wc_description][et_pb_wc_meta show_categories=&#8220;off&#8220; show_tags=&#8220;off&#8220; _builder_version=&#8220;4.19.1&#8243; _module_preset=&#8220;default&#8220; global_colors_info=&#8220;{}&#8220;][\/et_pb_wc_meta][et_pb_wc_add_to_cart _builder_version=&#8220;4.19.1&#8243; _module_preset=&#8220;default&#8220; global_colors_info=&#8220;{}&#8220;][\/et_pb_wc_add_to_cart][et_pb_text _builder_version=&#8220;4.19.4&#8243; _dynamic_attributes=&#8220;link_option_url&#8220; _module_preset=&#8220;default&#8220; text_font_size=&#8220;12px&#8220; link_option_url=&#8220;@ET-DC@eyJkeW5hbWljIjp0cnVlLCJjb250ZW50IjoicG9zdF9saW5rX3VybF9wYWdlIiwic2V0dGluZ3MiOnsicG9zdF9pZCI6IjE1NyJ9fQ==@&#8220; global_colors_info=&#8220;{}&#8220;]<\/p>\n<p><small>Muster auf Anfrage erh\u00e4ltlich.<\/small><\/p>\n<p>[\/et_pb_text][\/et_pb_column][\/et_pb_row][et_pb_row _builder_version=&#8220;4.19.2&#8243; _module_preset=&#8220;default&#8220; width_tablet=&#8220;&#8220; width_phone=&#8220;100%&#8220; width_last_edited=&#8220;on|phone&#8220; global_colors_info=&#8220;{}&#8220;][et_pb_column type=&#8220;4_4&#8243; _builder_version=&#8220;4.19.1&#8243; _module_preset=&#8220;default&#8220; global_colors_info=&#8220;{}&#8220;][et_pb_wc_tabs _builder_version=&#8220;4.19.1&#8243; _module_preset=&#8220;default&#8220; body_font_last_edited=&#8220;off|desktop&#8220; global_colors_info=&#8220;{}&#8220;][\/et_pb_wc_tabs][\/et_pb_column][\/et_pb_row][\/et_pb_section][et_pb_section fb_built=&#8220;1&#8243; _builder_version=&#8220;4.19.4&#8243; _module_preset=&#8220;default&#8220; background_color=&#8220;#FFFFFF&#8220; use_background_color_gradient=&#8220;on&#8220; background_color_gradient_stops=&#8220;rgba(255,255,255,0.88) 0%|rgba(255,255,255,0.77) 99%&#8220; background_color_gradient_overlays_image=&#8220;on&#8220; background_image=&#8220;https:\/\/indirekte-beleuchtung.com\/shop\/wp-content\/uploads\/2022\/12\/C390-Voute.jpg&#8220; custom_margin=&#8220;||3vw||false|false&#8220; custom_padding=&#8220;||||false|false&#8220; saved_tabs=&#8220;all&#8220; global_colors_info=&#8220;{}&#8220;][et_pb_row column_structure=&#8220;1_2,1_4,1_4&#8243; use_custom_gutter=&#8220;on&#8220; gutter_width=&#8220;1&#8243; make_equal=&#8220;on&#8220; _builder_version=&#8220;4.19.4&#8243; _module_preset=&#8220;default&#8220; width=&#8220;100%&#8220; custom_padding=&#8220;0px||0px||false|false&#8220; global_colors_info=&#8220;{}&#8220;][et_pb_column type=&#8220;1_2&#8243; _builder_version=&#8220;4.19.2&#8243; _module_preset=&#8220;default&#8220; custom_padding=&#8220;|0px||0px|false|true&#8220; global_colors_info=&#8220;{}&#8220;][et_pb_image src=&#8220;https:\/\/indirekte-beleuchtung.com\/shop\/wp-content\/uploads\/2023\/01\/C990-Stuckleiste.jpg&#8220; title_text=&#8220;C990 Stuckleiste&#8220; _builder_version=&#8220;4.19.4&#8243; _module_preset=&#8220;default&#8220; box_shadow_style=&#8220;preset6&#8243; global_colors_info=&#8220;{}&#8220;][\/et_pb_image][\/et_pb_column][et_pb_column type=&#8220;1_4&#8243; _builder_version=&#8220;4.19.2&#8243; _module_preset=&#8220;default&#8220; custom_padding=&#8220;|0px||0px|false|true&#8220; global_colors_info=&#8220;{}&#8220;][et_pb_image src=&#8220;https:\/\/indirekte-beleuchtung.com\/shop\/wp-content\/uploads\/2023\/01\/C990-Stuckleiste-b.jpg&#8220; title_text=&#8220;C990 Stuckleiste b&#8220; _builder_version=&#8220;4.19.4&#8243; _module_preset=&#8220;default&#8220; box_shadow_style=&#8220;preset6&#8243; global_colors_info=&#8220;{}&#8220;][\/et_pb_image][\/et_pb_column][et_pb_column type=&#8220;1_4&#8243; _builder_version=&#8220;4.19.2&#8243; _module_preset=&#8220;default&#8220; custom_padding=&#8220;|0px||0px|false|true&#8220; global_colors_info=&#8220;{}&#8220;][et_pb_image src=&#8220;https:\/\/indirekte-beleuchtung.com\/shop\/wp-content\/uploads\/2023\/01\/C990-Stuckleiste-c.jpg&#8220; title_text=&#8220;C990 Stuckleiste c&#8220; _builder_version=&#8220;4.19.4&#8243; _module_preset=&#8220;default&#8220; global_colors_info=&#8220;{}&#8220;][\/et_pb_image][\/et_pb_column][\/et_pb_row][\/et_pb_section][et_pb_section fb_built=&#8220;1&#8243; _builder_version=&#8220;4.19.4&#8243; _module_preset=&#8220;default&#8220; background_color=&#8220;#EEF1F5&#8243; custom_margin=&#8220;||0px||false|false&#8220; custom_padding=&#8220;1vw||1vw||false|false&#8220; saved_tabs=&#8220;all&#8220; global_colors_info=&#8220;{}&#8220; global_module=&#8220;1190&#8243; theme_builder_area=&#8220;post_content&#8220;][et_pb_row _builder_version=&#8220;4.19.2&#8243; _module_preset=&#8220;default&#8220; width_tablet=&#8220;&#8220; width_phone=&#8220;auto&#8220; width_last_edited=&#8220;on|phone&#8220; custom_padding=&#8220;||0px||false|false&#8220; global_colors_info=&#8220;{}&#8220; theme_builder_area=&#8220;post_content&#8220;][et_pb_column type=&#8220;4_4&#8243; _builder_version=&#8220;4.19.1&#8243; _module_preset=&#8220;default&#8220; global_colors_info=&#8220;{}&#8220; theme_builder_area=&#8220;post_content&#8220;][et_pb_text _builder_version=&#8220;4.19.4&#8243; _module_preset=&#8220;default&#8220; global_colors_info=&#8220;{}&#8220; theme_builder_area=&#8220;post_content&#8220;]<\/p>\n<h2>Empfohlenes Zubeh\u00f6r<\/h2>\n<p>Passende Kleber &amp; Filler f\u00fcr OracDecor&reg; Profile.[\/et_pb_text][et_pb_shop type=&#8220;product_category&#8220; include_categories=&#8220;43&#8243; offset_number=&#8220;1&#8243; _builder_version=&#8220;4.19.4&#8243; _module_preset=&#8220;default&#8220; custom_margin=&#8220;||0vw||false|false&#8220; custom_padding=&#8220;||0px||false|false&#8220; global_colors_info=&#8220;{}&#8220; theme_builder_area=&#8220;post_content&#8220;][\/et_pb_shop][et_pb_toggle title=&#8220;Hinweise zum Zubeh\u00f6r&#8220; open_toggle_background_color=&#8220;#EEF1F5&#8243; closed_toggle_background_color=&#8220;#EEF1F5&#8243; toggle_icon=&#8220;&#x37;||divi||400&#8243; _builder_version=&#8220;4.19.4&#8243; _module_preset=&#8220;default&#8220; global_colors_info=&#8220;{}&#8220; theme_builder_area=&#8220;post_content&#8220;]<\/p>\n<p>F\u00fcr das Kleben der Profile an Wand oder Decke verwenden Sie den <strong>Montagekleber Power<\/strong>. Dieser ist auch f\u00fcr Feuchtr\u00e4ume und Au\u00dfenbereiche geeignet und h\u00e4lt auf por\u00f6sen wie glatten Oberfl\u00e4chen.<\/p>\n<p><span style=\"font-size: 14px;\">F\u00fcr Nahtstellen zwischen OracDecor\u00ae Profilen verwenden Sie den speziellen <\/span><strong style=\"font-size: 14px;\">Kleber f\u00fcr Sto\u00dfstellen<\/strong><span style=\"font-size: 14px;\">.<\/span><\/p>\n<p>Der <strong>Fugenf\u00fcller<\/strong>\u00a0kann f\u00fcr das Verspachteln kleiner Fugen und das Finish genutzt werden.<\/p>\n<p>[\/et_pb_toggle][\/et_pb_column][\/et_pb_row][\/et_pb_section][et_pb_section fb_built=&#8220;1&#8243; _builder_version=&#8220;4.19.4&#8243; _module_preset=&#8220;default&#8220; background_color=&#8220;#EEF1F5&#8243; custom_margin=&#8220;0px||3vw||false|false&#8220; custom_padding=&#8220;0px||0px||false|false&#8220; global_colors_info=&#8220;{}&#8220; theme_builder_area=&#8220;post_content&#8220;][et_pb_row _builder_version=&#8220;4.19.4&#8243; _module_preset=&#8220;default&#8220; custom_margin=&#8220;0px||||false|false&#8220; custom_padding=&#8220;0px||||false|false&#8220; global_colors_info=&#8220;{}&#8220; theme_builder_area=&#8220;post_content&#8220;][et_pb_column type=&#8220;4_4&#8243; _builder_version=&#8220;4.19.4&#8243; _module_preset=&#8220;default&#8220; global_colors_info=&#8220;{}&#8220; theme_builder_area=&#8220;post_content&#8220;][et_pb_toggle title=&#8220;Ben\u00f6tigte Mengen&#8220; open_toggle_background_color=&#8220;#EEF1F5&#8243; closed_toggle_background_color=&#8220;#EEF1F5&#8243; toggle_icon=&#8220;&#x37;||divi||400&#8243; _builder_version=&#8220;4.19.4&#8243; _module_preset=&#8220;default&#8220; global_colors_info=&#8220;{}&#8220; theme_builder_area=&#8220;post_content&#8220;]<\/p>\n<p>1 Kartusche <strong>Montagekleber<\/strong> gen\u00fcgt f\u00fcr bis zu <strong>6m<\/strong> C990 Profil.<\/p>\n<p>1 Tube <strong>Kleber f\u00fcr Sto\u00dfstellen<\/strong> gen\u00fcgt f\u00fcr bis zu <strong>26 Sto\u00dfstellen \/ Ecken<\/strong>.<\/p>\n<p>1 Kartusche <strong>Fugenf\u00fcller<\/strong> gen\u00fcgt f\u00fcr bis zu <strong>30m<\/strong> C990 Profil.<\/p>\n<p><small>Quelle: <strong><a href=\"https:\/\/www.oracdecor.com\/de_de\/kleberrechner\" target=\"_blank\" rel=\"noopener\">Kleberrechner von OracDecor\u00ae<\/a><\/strong><\/small><\/p>\n<p>[\/et_pb_toggle][et_pb_button button_url=&#8220;@ET-DC@eyJkeW5hbWljIjp0cnVlLCJjb250ZW50IjoicG9zdF9saW5rX3VybF9wYWdlIiwic2V0dGluZ3MiOnsicG9zdF9pZCI6IjE1OSJ9fQ==@&#8220; button_text=&#8220;Weiteres Zubeh\u00f6r&#8220; button_alignment=&#8220;center&#8220; _builder_version=&#8220;4.19.4&#8243; _dynamic_attributes=&#8220;button_url&#8220; custom_button=&#8220;on&#8220; button_text_size=&#8220;13px&#8220; button_text_color=&#8220;#4F628E&#8220; button_border_width=&#8220;2px&#8220; button_border_color=&#8220;#4F628E&#8220; button_border_radius=&#8220;3px&#8220; button_letter_spacing=&#8220;2px&#8220; button_font=&#8220;Montserrat|600||on|||||&#8220; button_use_icon=&#8220;off&#8220; custom_padding=&#8220;12px|24px|12px|24px|true|true&#8220; global_colors_info=&#8220;{}&#8220; button_bg_color__hover_enabled=&#8220;on&#8220; button_bg_color__hover=&#8220;#d64228&#8243; theme_builder_area=&#8220;post_content&#8220;][\/et_pb_button][\/et_pb_column][\/et_pb_row][\/et_pb_section][et_pb_section fb_built=&#8220;1&#8243; admin_label=&#8220;Header&#8220; _builder_version=&#8220;4.19.2&#8243; custom_margin=&#8220;||||false|false&#8220; custom_padding=&#8220;4vw|0px|0|0px|false|false&#8220; border_width_top=&#8220;1px&#8220; border_width_bottom=&#8220;1px&#8220; global_module=&#8220;352&#8243; saved_tabs=&#8220;all&#8220; global_colors_info=&#8220;{}&#8220;][et_pb_row column_structure=&#8220;1_2,1_2&#8243; _builder_version=&#8220;4.19.2&#8243; width_tablet=&#8220;&#8220; width_phone=&#8220;100%&#8220; width_last_edited=&#8220;on|phone&#8220; custom_padding=&#8220;27px|0px|0|0px|false|false&#8220; use_custom_width=&#8220;on&#8220; custom_width_px=&#8220;1280px&#8220; locked=&#8220;off&#8220; global_colors_info=&#8220;{}&#8220;][et_pb_column type=&#8220;1_2&#8243; _builder_version=&#8220;4.16&#8243; custom_padding=&#8220;|||&#8220; global_colors_info=&#8220;{}&#8220; custom_padding__hover=&#8220;|||&#8220;][et_pb_text _builder_version=&#8220;4.19.2&#8243; text_font=&#8220;||||||||&#8220; header_font=&#8220;Montserrat|300|||||||&#8220; header_font_size=&#8220;53px&#8220; header_line_height=&#8220;1.3em&#8220; header_2_font_size=&#8220;50px&#8220; header_4_font=&#8220;Montserrat|500||on|||||&#8220; header_4_text_color=&#8220;#4F628E&#8220; header_4_font_size=&#8220;11px&#8220; header_4_letter_spacing=&#8220;3px&#8220; header_font_size_tablet=&#8220;50px&#8220; header_font_size_phone=&#8220;40px&#8220; header_font_size_last_edited=&#8220;on|phone&#8220; locked=&#8220;off&#8220; global_colors_info=&#8220;{}&#8220;]<\/p>\n<h4>ORACDECOR Lichtvouten<\/h4>\n<h2>H\u00e4ufige Fragen<\/h2>\n<p>[\/et_pb_text][et_pb_text _builder_version=&#8220;4.19.1&#8243; text_font=&#8220;||||||||&#8220; text_line_height=&#8220;2.2em&#8220; global_colors_info=&#8220;{}&#8220;]<\/p>\n<p>Die h\u00e4ufigsten Fragen zur Arbeit mit OracDecor\u00ae Lichtvouten haben wir hier zusammen gestellt.<\/p>\n<p>Sollten Fragen offen bleiben, z\u00f6gern Sie nicht, uns zu kontaktieren.<\/p>\n<p>[\/et_pb_text][et_pb_button button_url=&#8220;@ET-DC@eyJkeW5hbWljIjp0cnVlLCJjb250ZW50IjoicG9zdF9saW5rX3VybF9wYWdlIiwic2V0dGluZ3MiOnsicG9zdF9pZCI6IjE1NyJ9fQ==@&#8220; button_text=&#8220;ICH BEN\u00d6TIGE HILFE&#8220; _builder_version=&#8220;4.19.1&#8243; _dynamic_attributes=&#8220;button_url&#8220; custom_button=&#8220;on&#8220; button_text_size=&#8220;13px&#8220; button_text_color=&#8220;#ffffff&#8220; button_bg_color=&#8220;#4F628E&#8220; button_border_width=&#8220;0px&#8220; button_border_radius=&#8220;0px&#8220; button_letter_spacing=&#8220;2px&#8220; button_font=&#8220;Montserrat|600||on|||||&#8220; button_use_icon=&#8220;off&#8220; custom_padding=&#8220;12px|24px|12px|24px|true|true&#8220; global_colors_info=&#8220;{}&#8220; button_bg_color__hover_enabled=&#8220;on&#8220; button_bg_color__hover=&#8220;#d64228&#8243;][\/et_pb_button][\/et_pb_column][et_pb_column type=&#8220;1_2&#8243; _builder_version=&#8220;4.16&#8243; custom_padding=&#8220;|||&#8220; global_colors_info=&#8220;{}&#8220; custom_padding__hover=&#8220;|||&#8220;][et_pb_image src=&#8220;https:\/\/indirekte-beleuchtung.com\/shop\/wp-content\/uploads\/2022\/12\/Voute-installieren-1zu1.jpg&#8220; title_text=&#8220;Voute installieren 1zu1&#8243; align_tablet=&#8220;center&#8220; align_phone=&#8220;center&#8220; align_last_edited=&#8220;on|desktop&#8220; _builder_version=&#8220;4.19.2&#8243; use_background_color_gradient=&#8220;on&#8220; background_color_gradient_direction=&#8220;90deg&#8220; background_color_gradient_stops=&#8220;rgba(255,255,255,0) 15%|#eeeeec 15%&#8220; custom_margin=&#8220;-3vw|-5vw|0px||false|false&#8220; custom_padding=&#8220;3vw|5vw|2vw||false|false&#8220; box_shadow_style=&#8220;preset6&#8243; global_colors_info=&#8220;{}&#8220;][\/et_pb_image][\/et_pb_column][\/et_pb_row][et_pb_row _builder_version=&#8220;4.19.2&#8243; _module_preset=&#8220;default&#8220; width_tablet=&#8220;&#8220; width_phone=&#8220;100%&#8220; width_last_edited=&#8220;on|phone&#8220; custom_margin=&#8220;0px||||false|false&#8220; custom_padding=&#8220;0px||||false|false&#8220; global_colors_info=&#8220;{}&#8220;][et_pb_column type=&#8220;4_4&#8243; _builder_version=&#8220;4.19.1&#8243; _module_preset=&#8220;default&#8220; global_colors_info=&#8220;{}&#8220;][et_pb_text _builder_version=&#8220;4.19.1&#8243; text_font=&#8220;||||||||&#8220; text_line_height=&#8220;2.2em&#8220; custom_padding=&#8220;0px|||||&#8220; global_colors_info=&#8220;{}&#8220;]<\/p>\n<p><strong>Wie werden die OracDecor\u00ae Vouten installiert?<\/strong><\/p>\n<p>Die Vouten k\u00f6nnen i.a.R. einfach an die Wand oder Decke geklebt werden. Der passende <a href=\"https:\/\/indirekte-beleuchtung.com\/shop\/produkt-kategorie\/vouten-zubehoer\/\">Kleber<\/a> ist unter &#8222;Empfohlenes Zubeh\u00f6r&#8220; bei den Vouten mit aufgef\u00fchrt.<\/p>\n<p>&nbsp;<\/p>\n<p><strong>K\u00f6nnen die Vouten einfach gestrichen \/ lackiert werden?<\/strong><\/p>\n<p>Ja. Die Vouten selbst sind matt wei\u00df und bereits mit einer Grundierung versehen. Sie ben\u00f6tigen nur noch den finalen Anstrich.<\/p>\n<p>&nbsp;<\/p>\n<p><strong>K\u00f6nnen die Vouten auch auf bereits gestrichene Oberfl\u00e4chen geklebt werden?<\/strong><\/p>\n<p>Ja. Wichtig ist, dass die Oberfl\u00e4chen trocken, sowie frei von Fett und Schmutz sind, damit der Kleber gut h\u00e4lt.<\/p>\n<p>&nbsp;<\/p>\n<p><strong>K\u00f6nnen die Vouten auch auf Tapete geklebt werden?<\/strong><\/p>\n<p>Mit dem starken Kleber\u00a0<a href=\"https:\/\/indirekte-beleuchtung.com\/shop\/produkt\/montagekleber-aussen\/\">FDP700\u00a0<\/a>ist dies i.d.R. m\u00f6glich. Besser ist es jedoch, die Tapete vorher lokal zu entfernen.<\/p>\n<p>&nbsp;<\/p>\n<p><strong>Kann ich die OracDecor\u00ae Vouten auch im Freien und im Nassbereich verwenden?<\/strong><\/p>\n<p>Ja. Das ist m\u00f6glich. Bitte verwenden Sie aber den entsprechenden Kleber\u00a0<a href=\"https:\/\/indirekte-beleuchtung.com\/shop\/produkt\/montagekleber-aussen\/\">FDP700\u00a0<\/a>f\u00fcr Au\u00dfenanwendungen.<\/p>\n<p>&nbsp;<\/p>\n<p><strong>Wie k\u00f6nnen Fugen und N\u00e4hte am besten bearbeitet werden?<\/strong><\/p>\n<p>F\u00fcr perfekte Fugen bietet OracDecor\u00ae einen Nahtkleber an: <a href=\"https:\/\/shop.led-studien.de\/zubehoer\/lichtvouten-stuckleisten\/decofix-extra-80ml\/od-fx210\" target=\"_self\" rel=\"noopener\">DecoFix Extra<\/a>. Nach dem Verkleben von 2 Leisten mit Decofix Extra ist es wichtig, sie gegeneinander zu dr\u00fccken. Der \u00fcbersch\u00fcssige Kleber wird sofort mit einem Spatel entfernt. Nach 20 Minuten wird der restliche Klebstoff erneut mit einem Spatel entfernt und die Fuge leicht angeschliffen. Anschlie\u00dfend kann die Fuge mit einem <a href=\"https:\/\/indirekte-beleuchtung.com\/shop\/produkt\/fugenfueller\/\">Fugenf\u00fcller<\/a> verspachtelt werden.<\/p>\n<p>&nbsp;<\/p>\n<p><strong>Wie entferne ich die Klebereste?<\/strong><\/p>\n<p>\u2013 <a href=\"https:\/\/indirekte-beleuchtung.com\/shop\/produkt\/montagekleber-innen\/\">DecoFix Pro<\/a> (f\u00fcr por\u00f6se Oberfl\u00e4chen innen): sofort mit Wasser entfernen.<\/p>\n<p>\u2013 <a href=\"https:\/\/indirekte-beleuchtung.com\/shop\/produkt\/montagekleber-aussen\/\">DecoFix Power<\/a> (f\u00fcr alle Oberfl\u00e4chen innen und au\u00dfen): sofort mit einer Seifenl\u00f6sung oder einem Reinigungstuch entfernen.<\/p>\n<p>\u2013 <a href=\"https:\/\/indirekte-beleuchtung.com\/shop\/produkt\/kleber-fuer-stossstellen\/\">DecoFix Extra<\/a> (f\u00fcr perfekte Fugen): nach 20 Minuten mit einem Spatel und Aceton, Verd\u00fcnner oder einem Reinigungstuch entfernen.<\/p>\n<p>&nbsp;<\/p>\n<p><strong>Wie lang kann ich den Kleber nach dem Kauf verwenden?<\/strong><\/p>\n<p>12 Monate lang. Das Herstelldatum ist auf der Verpackung aufgedruckt.<\/p>\n<p>&nbsp;<\/p>\n<p>Weitere Tips &amp; Trick finden Sie direkt auf der Seite von ORAC DECOR:\u00a0<a href=\"https:\/\/www.oracdecor.com\/de_de\/installation\">https:\/\/www.oracdecor.com\/de_de\/installation<\/a><\/p>\n<p>[\/et_pb_text][\/et_pb_column][\/et_pb_row][\/et_pb_section]<\/p>\n","protected":false},"excerpt":{"rendered":"<p>Gro\u00dfe, runde Eckleiste f\u00fcr den \u00dcbergang zwischen Wand &amp; Decke.<\/p>\n<p>L 200 x H 15,9 x B 21,6cm &#8211; <a href=\"https:\/\/indirekte-beleuchtung.com\/shop\/wp-content\/uploads\/2022\/12\/Purotouch-Datasheet.pdf\" target=\"_blank\" rel=\"noopener\">Purotouch\u00ae<\/a><\/p>\n","protected":false},"featured_media":732,"comment_status":"closed","ping_status":"closed","template":"","meta":{"_et_pb_use_builder":"on","_et_pb_old_content":"Gro\u00dfe, runde Eckleiste mit unscheinbaren Schattenkanten. Das Profil besteht aus hochdichtem Polymer von OracDecor\u00ae und sorgt f\u00fcr einen eleganten, homogenen \u00dcbergang zwischen Wand und Decke. Durch seine Gr\u00f6\u00dfe kann es ggf. sogar Rohre und andere Installationen im Deckenbereich verdecken. Die Form bildet eine sehr sch\u00f6ne Hohlkehle f\u00fcr in der z.B. eine indirekte Beleuchtung besonders weich auslaufen kann. Der Raum wirkt so auch gr\u00f6\u00dfer.\r\n\r\n<strong>L\u00e4nge: 2m<\/strong>\r\n\r\nEntworfen von Xavier Donck\r\n\r\nDie Eckleisten von OracDecor\u00ae sind hochfest und absolut formstabil. Festigkeit und Bearbeitungsm\u00f6glichkeiten sind mit denen von Holz vergleichbar. Im Gegensatz zu einfachem Styropor entstehen hier z.B. bei der Montage keinerlei unsch\u00f6ne Druckstellen und auch \u00fcber die Zeit oder bei Temperaturver\u00e4nderungen bleibt das Material zuverl\u00e4ssig formstabil. Dies ist besonders bei Fugen und Gehrungen sehr wichtig.\r\n\r\n<strong>Vorteile<\/strong>\r\n<ul>\r\n \t<li>Einfache Montage \u00fcber <a href=\"https:\/\/indirekte-beleuchtung.com\/shop\/montagezubehoer\/\">ORAC Kleber &amp; Filler<\/a><\/li>\r\n \t<li>leicht &amp; pr\u00e4zise zu bearbeiten<\/li>\r\n \t<li>hochfest gegen Druckstellen und formstabil<\/li>\r\n \t<li>Wasserfest &amp; \u00fcberstreichbar<\/li>\r\n<\/ul>","_et_gb_content_width":""},"product_brand":[],"product_cat":[57,58],"product_tag":[60,35,59],"class_list":{"0":"post-730","1":"product","2":"type-product","3":"status-publish","4":"has-post-thumbnail","6":"product_cat-eckleisten","7":"product_cat-gerundete-eckleisten","8":"product_tag-eckleiste","9":"product_tag-oracdecor","10":"product_tag-gerundet","11":"product_shipping_class-sperrgut","13":"first","14":"instock","15":"taxable","16":"shipping-taxable","17":"purchasable","18":"product-type-simple"},"_links":{"self":[{"href":"https:\/\/indirekte-beleuchtung.com\/shop\/wp-json\/wp\/v2\/product\/730","targetHints":{"allow":["GET"]}}],"collection":[{"href":"https:\/\/indirekte-beleuchtung.com\/shop\/wp-json\/wp\/v2\/product"}],"about":[{"href":"https:\/\/indirekte-beleuchtung.com\/shop\/wp-json\/wp\/v2\/types\/product"}],"replies":[{"embeddable":true,"href":"https:\/\/indirekte-beleuchtung.com\/shop\/wp-json\/wp\/v2\/comments?post=730"}],"wp:featuredmedia":[{"embeddable":true,"href":"https:\/\/indirekte-beleuchtung.com\/shop\/wp-json\/wp\/v2\/media\/732"}],"wp:attachment":[{"href":"https:\/\/indirekte-beleuchtung.com\/shop\/wp-json\/wp\/v2\/media?parent=730"}],"wp:term":[{"taxonomy":"product_brand","embeddable":true,"href":"https:\/\/indirekte-beleuchtung.com\/shop\/wp-json\/wp\/v2\/product_brand?post=730"},{"taxonomy":"product_cat","embeddable":true,"href":"https:\/\/indirekte-beleuchtung.com\/shop\/wp-json\/wp\/v2\/product_cat?post=730"},{"taxonomy":"product_tag","embeddable":true,"href":"https:\/\/indirekte-beleuchtung.com\/shop\/wp-json\/wp\/v2\/product_tag?post=730"}],"curies":[{"name":"wp","href":"https:\/\/api.w.org\/{rel}","templated":true}]}}