{"id":155,"date":"2022-11-29T17:24:54","date_gmt":"2022-11-29T16:24:54","guid":{"rendered":"https:\/\/indirekte-beleuchtung.com\/shop\/?post_type=product&#038;p=155"},"modified":"2026-04-20T20:50:24","modified_gmt":"2026-04-20T18:50:24","slug":"fugenfueller","status":"publish","type":"product","link":"https:\/\/indirekte-beleuchtung.com\/shop\/produkt\/fugenfueller\/","title":{"rendered":"Fugenf\u00fcller"},"content":{"rendered":"<p>[et_pb_section fb_built=&#8220;1&#8243; _builder_version=&#8220;4.19.1&#8243; _module_preset=&#8220;default&#8220; custom_margin=&#8220;||||false|false&#8220; custom_padding=&#8220;0px||||false|false&#8220; global_colors_info=&#8220;{}&#8220;][et_pb_row _builder_version=&#8220;4.19.1&#8243; _module_preset=&#8220;default&#8220; global_colors_info=&#8220;{}&#8220;][et_pb_column type=&#8220;4_4&#8243; _builder_version=&#8220;4.19.1&#8243; _module_preset=&#8220;default&#8220; global_colors_info=&#8220;{}&#8220;][et_pb_wc_breadcrumb _builder_version=&#8220;4.19.1&#8243; _module_preset=&#8220;default&#8220; global_colors_info=&#8220;{}&#8220;][\/et_pb_wc_breadcrumb][et_pb_wc_title _builder_version=&#8220;4.19.1&#8243; _module_preset=&#8220;default&#8220; header_font_size=&#8220;53px&#8220; global_colors_info=&#8220;{}&#8220;][\/et_pb_wc_title][\/et_pb_column][\/et_pb_row][et_pb_row column_structure=&#8220;1_2,1_2&#8243; _builder_version=&#8220;4.19.1&#8243; _module_preset=&#8220;default&#8220; global_colors_info=&#8220;{}&#8220;][et_pb_column type=&#8220;1_2&#8243; _builder_version=&#8220;4.19.1&#8243; _module_preset=&#8220;default&#8220; global_colors_info=&#8220;{}&#8220;][et_pb_wc_images _builder_version=&#8220;4.19.1&#8243; _module_preset=&#8220;default&#8220; custom_margin=&#8220;15px||||false|false&#8220; global_colors_info=&#8220;{}&#8220;][\/et_pb_wc_images][\/et_pb_column][et_pb_column type=&#8220;1_2&#8243; _builder_version=&#8220;4.19.1&#8243; _module_preset=&#8220;default&#8220; global_colors_info=&#8220;{}&#8220;][et_pb_wc_price _builder_version=&#8220;4.19.1&#8243; _module_preset=&#8220;default&#8220; global_colors_info=&#8220;{}&#8220;][\/et_pb_wc_price][et_pb_wc_description _builder_version=&#8220;4.19.1&#8243; _module_preset=&#8220;default&#8220; global_colors_info=&#8220;{}&#8220;][\/et_pb_wc_description][et_pb_wc_meta show_categories=&#8220;off&#8220; show_tags=&#8220;off&#8220; _builder_version=&#8220;4.19.1&#8243; _module_preset=&#8220;default&#8220; global_colors_info=&#8220;{}&#8220;][\/et_pb_wc_meta][et_pb_wc_add_to_cart _builder_version=&#8220;4.19.1&#8243; _module_preset=&#8220;default&#8220; global_colors_info=&#8220;{}&#8220;][\/et_pb_wc_add_to_cart][\/et_pb_column][\/et_pb_row][et_pb_row _builder_version=&#8220;4.19.1&#8243; _module_preset=&#8220;default&#8220; global_colors_info=&#8220;{}&#8220;][et_pb_column type=&#8220;4_4&#8243; _builder_version=&#8220;4.19.1&#8243; _module_preset=&#8220;default&#8220; global_colors_info=&#8220;{}&#8220;][et_pb_wc_tabs _builder_version=&#8220;4.19.1&#8243; _module_preset=&#8220;default&#8220; body_font_last_edited=&#8220;off|desktop&#8220; global_colors_info=&#8220;{}&#8220;][\/et_pb_wc_tabs][\/et_pb_column][\/et_pb_row][et_pb_row _builder_version=&#8220;4.19.1&#8243; _module_preset=&#8220;default&#8220; global_colors_info=&#8220;{}&#8220;][et_pb_column type=&#8220;4_4&#8243; _builder_version=&#8220;4.19.1&#8243; _module_preset=&#8220;default&#8220; global_colors_info=&#8220;{}&#8220;][et_pb_text _builder_version=&#8220;4.19.1&#8243; _module_preset=&#8220;default&#8220; global_colors_info=&#8220;{}&#8220;]<\/p>\n<h2>Weitere Kleber &amp; Filler<\/h2>\n<p>[\/et_pb_text][et_pb_shop type=&#8220;product_category&#8220; include_categories=&#8220;43&#8243; _builder_version=&#8220;4.19.1&#8243; _module_preset=&#8220;default&#8220; global_colors_info=&#8220;{}&#8220;][\/et_pb_shop][\/et_pb_column][\/et_pb_row][\/et_pb_section]<\/p>\n","protected":false},"excerpt":{"rendered":"<p>ORACDECOR\u00ae DECOFILLER FL300 &#8211; 310ml<\/p>\n","protected":false},"featured_media":252,"comment_status":"closed","ping_status":"closed","template":"","meta":{"_et_pb_use_builder":"on","_et_pb_old_content":"DecoFiller Pro ist ein gebrauchsfertiger Fugenf\u00fcller auf Acrylbasis zur schrumpffreien Endbearbeitung von Fugen zwischen ORACDECOR\u00ae Profilen nach der Montage.\r\n\r\nKann ebenfalls f\u00fcr das Verf\u00fcllen der Fugen bzw. L\u00fccken zwischen dem Profil und dem Untergrund auf dem es montiert wurde verwendet werden. Besch\u00e4digungen an Wand oder Profil k\u00f6nnen mit dem F\u00fcllstoff ausgeglichen werden.\r\n\r\nSchnell \u00fcberstreichbar (nach 15 Min.). Rei\u00dft nicht.\r\n\r\n<strong>Anwendung: Innen, keine Feuchtr\u00e4ume<\/strong>\r\n\r\n<hr \/>\r\n\r\n\u00dcber den Online-Rechner von ORACDECOR\u00ae k\u00f6nnen Sie genau die ben\u00f6tigte Menge an Filler ermitteln:\r\n\r\n<a href=\"https:\/\/www.oracdecor.com\/de_de\/kleberrechner\" target=\"_blank\" rel=\"noopener\">https:\/\/www.oracdecor.com\/de_de\/kleberrechner<\/a>\r\n\r\nWeitere Tips\u00a0zur Installation finden Sie hier: <a href=\"https:\/\/www.oracdecor.com\/de_de\/faq#installation\" target=\"_blank\" rel=\"noopener\">https:\/\/www.oracdecor.com\/de_de\/faq#installation<\/a>","_et_gb_content_width":""},"product_brand":[],"product_cat":[43],"product_tag":[51],"class_list":{"0":"post-155","1":"product","2":"type-product","3":"status-publish","4":"has-post-thumbnail","6":"product_cat-vouten-zubehoer","7":"product_tag-c323","8":"product_shipping_class-standard","10":"first","11":"instock","12":"taxable","13":"shipping-taxable","14":"purchasable","15":"product-type-simple"},"_links":{"self":[{"href":"https:\/\/indirekte-beleuchtung.com\/shop\/wp-json\/wp\/v2\/product\/155","targetHints":{"allow":["GET"]}}],"collection":[{"href":"https:\/\/indirekte-beleuchtung.com\/shop\/wp-json\/wp\/v2\/product"}],"about":[{"href":"https:\/\/indirekte-beleuchtung.com\/shop\/wp-json\/wp\/v2\/types\/product"}],"replies":[{"embeddable":true,"href":"https:\/\/indirekte-beleuchtung.com\/shop\/wp-json\/wp\/v2\/comments?post=155"}],"wp:featuredmedia":[{"embeddable":true,"href":"https:\/\/indirekte-beleuchtung.com\/shop\/wp-json\/wp\/v2\/media\/252"}],"wp:attachment":[{"href":"https:\/\/indirekte-beleuchtung.com\/shop\/wp-json\/wp\/v2\/media?parent=155"}],"wp:term":[{"taxonomy":"product_brand","embeddable":true,"href":"https:\/\/indirekte-beleuchtung.com\/shop\/wp-json\/wp\/v2\/product_brand?post=155"},{"taxonomy":"product_cat","embeddable":true,"href":"https:\/\/indirekte-beleuchtung.com\/shop\/wp-json\/wp\/v2\/product_cat?post=155"},{"taxonomy":"product_tag","embeddable":true,"href":"https:\/\/indirekte-beleuchtung.com\/shop\/wp-json\/wp\/v2\/product_tag?post=155"}],"curies":[{"name":"wp","href":"https:\/\/api.w.org\/{rel}","templated":true}]}}