{"id":15,"date":"2022-11-20T11:32:02","date_gmt":"2022-11-20T10:32:02","guid":{"rendered":"https:\/\/indirekte-beleuchtung.com\/shop\/agb\/"},"modified":"2022-12-19T16:28:19","modified_gmt":"2022-12-19T15:28:19","slug":"agb","status":"publish","type":"page","link":"https:\/\/indirekte-beleuchtung.com\/shop\/agb\/","title":{"rendered":"AGB"},"content":{"rendered":"\n<p><strong>Artikel 1 \u2013 Identit\u00e4t des Anbieters und Eigenschaft des Verbrauchers<\/strong><\/p>\n\n\n\n<p>Die folgenden allgemeinen Gesch\u00e4ftsbedingungen (AGB) regeln das Vertragsverh\u00e4ltnis zwischen der Firma Indirekte-Beleuchtung.com &#8211; Inh. Dennis Jackstien, Kochstra\u00dfe 24a, 04275 (nachfolgend &#8222;Anbieter&#8220; genannt) und den Verbrauchern und Unternehmern (nachfolgend &#8222;Kunde&#8220; genannt), die \u00fcber unseren Shop www.indirekte-beleuchtung-com Waren kaufen. Entgegenstehende oder von unseren Gesch\u00e4ftsbedingungen abweichende Bedingungen werden von uns nicht anerkannt. Die Vertragssprache ist Deutsch. <\/p>\n\n\n\n<p><strong>Artikel 2 \u2013 Anwendbarkeit der Allgemeinen Gesch\u00e4ftsbedingungen<\/strong><\/p>\n\n\n\n<p>Die zum Zeitpunkt der Bestellung des Kunden vorliegenden Allgemeinen Gesch\u00e4ftsbedingungen f\u00fcr Verk\u00e4ufe und Angebote \u00fcber den Online-Shop des Anbieters (im Folgenden: die \u201eAGB\u201c) gelten f\u00fcr die Online-Angebote und den Verkauf von Artikeln aus dem Angebot des Anbieters an Kunden \u00fcber die Website. F\u00fcr laufende Vertr\u00e4ge gelten stets die AGB, die zum Zeitpunkt des Verkaufs in Kraft waren. Da diese AGB gem\u00e4\u00df Artikel 12 dieser AGB von Zeit zu Zeit ge\u00e4ndert werden k\u00f6nnen, wird vorausgesetzt, dass Sie vor jedem Kauf \u00fcberpr\u00fcfen, welche AGB aktuell anwendbar sind.<\/p>\n\n\n\n<p><strong>Artikel 3 \u2013 Preise<\/strong><\/p>\n\n\n\n<p>Alle Preise werden inklusive Mehrwertsteuer angezeigt. Zus\u00e4tzliche Lieferkosten oder sonstige Verwaltungskosten werden separat pro Artikel oder in der Kommunikation mit dem Kunden aufgef\u00fchrt.<\/p>\n\n\n\n<p><strong>Artikel 4 \u2013 Angebot<\/strong><\/p>\n\n\n\n<p>Das Angebot gilt, solange der Vorrat reicht, und es kann jederzeit ge\u00e4ndert werden. Die Beschreibung der Produkte erfolgt gem\u00e4\u00df den geltenden Rechtsvorschriften. Abbildungen dienen der Veranschaulichung und die gelieferte Verpackung kann in Bezug auf die Abbildungen von dem online abgebildeten Produkt abweichen. Auf der Grundlage von offensichtlichen inhaltlichen Irrt\u00fcmern, Satz- oder Druckfehlern kann der Anbieter nicht haftbar gemacht werden.<\/p>\n\n\n\n<p><strong>Artikel 5 \u2013 Zustandekommen des Kaufs<\/strong><\/p>\n\n\n\n<p>Der Kunde kann \u00fcber die Website eine Bestellung aufgeben, hierf\u00fcr sind im Online-Shop auf der Website die entsprechenden Schritte vorgegeben. Nach der Bestellung der Ware wird eine \u00dcbersicht \u00fcber die bestellten Waren erstellt und dem Kunden online zur Verf\u00fcgung gestellt. Nach der Bestellbest\u00e4tigung wird um Bezahlung entsprechend der angegebenen Zahlungsmethode gebeten. Nach Eingang der vollst\u00e4ndigen Zahlung und nach Annahme der AGB gilt der Kauf als zustande gekommen. Die bestellte Ware wird nach Zahlungseingang zur Auslieferung bereitgestellt. Der Kunde wird dann mit einer Best\u00e4tigung \u00fcber den Kauf und die Modalit\u00e4ten der Lieferung entsprechend dem angegebenen Lieferverfahren informiert. Der Anbieter beh\u00e4lt sich das Recht vor, in den folgenden F\u00e4llen Bestellungen abzulehnen: (i) bei Ersch\u00f6pfung des Lagerbestands oder bei Nichtverf\u00fcgbarkeit eines Artikels; (ii) bei einem fehlerhaften Angebot; (iii) im Fall einer Lieferadresse au\u00dferhalb Europas und (iv) bei Vorliegen h\u00f6herer Gewalt.<\/p>\n\n\n\n<p><strong>Artikel 6 \u2013 Lieferung<\/strong><\/p>\n\n\n\n<p>Lieferungen erfolgen gem\u00e4\u00df dem durch den Anbieter angegebenen Lieferverfahren. Das Transportrisiko in Bezug auf die bestellte Ware tr\u00e4gt der Anbieter bis zum Zeitpunkt der Lieferung an den Kunden.<\/p>\n\n\n\n<p>Der Anbieter und\/oder der Spediteur ist berechtigt, die Waren am vereinbarten Ort zum vereinbarten Zeitpunkt an die Person zu liefern, die sich zur Entgegennahme bereit erkl\u00e4rt, ohne dass eine besondere \u00dcberpr\u00fcfung erforderlich ist. Die Person, die zu diesem Zeitpunkt die Ware in Empfang nimmt, wird erachtet, Vertreter des Kunden zu sein. Ist aus Gr\u00fcnden, die der Kunde zu vertreten hat, eine erneutes Anbieten der Lieferung erforderlich, kann der Anbieter dem Kunden die dadurch entstandenen Kosten in Rechnung stellen.<\/p>\n\n\n\n<p><strong>Art. 7 \u2013 Reklamationen<\/strong><\/p>\n\n\n\n<p>Jedwede sichtbaren Sch\u00e4den und\/oder Qualit\u00e4tsm\u00e4ngel der Ware oder sonstige M\u00e4ngel bez\u00fcglich der Lieferung sind dem Anbieter unverz\u00fcglich, sp\u00e4testens jedoch nach Ablauf von zwei Monaten zu melden, andernfalls verfallen alle diesbez\u00fcglichen Rechte.<\/p>\n\n\n\n<p>Falls zuvor ein Muster gekauft wurde, hat der Kunde hat die Ware nach Erhalt unverz\u00fcglich auf ihre \u00dcbereinstimmung mit dem Muster zu \u00fcberpr\u00fcfen. Im Fall einer nicht \u00fcbereinstimmenden Lieferung ist der Kunde verpflichtet, den Anbieter unverz\u00fcglich, sp\u00e4testens jedoch nach zwei Werktagen, hier\u00fcber zu informieren, andernfalls verfallen alle diesbez\u00fcglichen Rechte.<\/p>\n\n\n\n<p><strong>Artikel 8 \u2013 Garantie<\/strong><\/p>\n\n\n\n<p>F\u00fcr die bestellten Artikel gilt, mit Ausnahme der nachfolgenden abweichenden Bedingungen, nur die gesetzliche Gew\u00e4hrleistung. Au\u00dfer in F\u00e4llen, bei denen zwingende gesetzliche Bestimmungen dies vorschreiben, haftet der Anbieter nicht f\u00fcr direkte oder indirekte Sch\u00e4den, die durch die gelieferten Produkte verursacht werden. Auch im Fall einer Einarbeitung der Produkte in andere Produkte kann die Garantie nicht zur Anwendung gebracht werden.<\/p>\n\n\n\n<p><strong>Art. 9 \u2013 Widerrufsrecht<\/strong><\/p>\n\n\n\n<p>Der Kunde kann einen Vertrag in Bezug auf den Kauf eines Produktes innerhalb einer Widerrufsfrist von 14 Tagen ohne Angabe von Gr\u00fcnden aufl\u00f6sen. Die in Absatz 1 genannte Widerrufsfrist beginnt an dem Tag, nachdem der Kunde oder ein anderer zuvor vom Kunden benannter Dritter, der nicht die liefernde Person ist, das Produkt erhalten hat.<\/p>\n\n\n\n<p>W\u00e4hrend dieser Widerrufsfrist hat der Kunde das Produkt und dessen Verpackung sorgf\u00e4ltig zu behandeln. Er darf das Produkt nur in dem Umfang auspacken oder verwenden, der zur Feststellung der Art und der Eigenschaften des Produkts erforderlich ist. Als Ma\u00dfgabe gilt hierbei, dass der Kunde das Produkt nur auf eine Art handhaben und pr\u00fcfen darf, die er in einem Gesch\u00e4ft anwenden k\u00f6nnte. Der Kunde haftet f\u00fcr Wertminderungen des Produkts, die sich aus einer Art der Handhabung des Produkts ergeben, die \u00fcber das hinausgeht, was gem\u00e4\u00df dem vorherigen Absatz zul\u00e4ssig ist.<\/p>\n\n\n\n<p>Der Kunde haftet nicht f\u00fcr Wertminderungen des Produkts, wenn der Anbieter ihm nicht vor dem oder beim Vertragsabschluss alle gesetzlich vorgeschriebenen Informationen \u00fcber das Widerrufsrecht zur Verf\u00fcgung gestellt hat.<\/p>\n\n\n\n<p>Falls der Kunde von seinem Widerrufsrecht Gebrauch machen m\u00f6chte, so hat er dies dem Anbieter innerhalb der Widerrufsfrist mithilfe des Muster-Widerrufsformulars oder auf eine andere eindeutig verst\u00e4ndliche Weise mitzuteilen. Der Kunde hat das Produkt so schnell wie m\u00f6glich, jedoch innerhalb von 14 Tagen nach der vorgenannten Mitteilung, zur\u00fcckzusenden oder dem Anbieter (bzw. einem Bevollm\u00e4chtigten des Anbieters) auszuh\u00e4ndigen. Der Kunde ist verpflichtet, das Produkt mit allen gelieferten Zubeh\u00f6rteilen, wenn m\u00f6glich im Originalzustand und in der Originalverpackung, und gem\u00e4\u00df den durch den Anbieter vorgegebenen angemessenen und klaren Anweisungen zur\u00fcckzusenden. Das Risiko und die Beweislast f\u00fcr die ordnungsgem\u00e4\u00dfe und rechtzeitige Aus\u00fcbung des Widerrufsrechts tr\u00e4gt der Kunde. Der Kunde tr\u00e4gt die direkten Kosten f\u00fcr die R\u00fccksendung der Ware.<\/p>\n\n\n\n<p>Der Anbieter erstattet alle durch den Kunden geleisteten Zahlungen, einschlie\u00dflich der vom Anbieter f\u00fcr das zur\u00fcckgegebene Produkt in Rechnung gestellten Zustellungskosten, er tut dies unverz\u00fcglich, sp\u00e4testens jedoch innerhalb von 14 Tagen nach dem Tag, an dem der Kunde ihn \u00fcber den Widerruf informiert hat. Sofern der Anbieter nicht anbietet, das Produkt selbst abzuholen, kann er mit der R\u00fcckzahlung abwarten, bis er das Produkt erhalten hat oder bis der Kunde nachweist, dass er das Produkt zur\u00fcckgesandt hat, je nachdem, welcher Zeitpunkt fr\u00fcher eintritt. Der Anbieter verwendet f\u00fcr die R\u00fcckzahlung die gleiche Zahlungsweise wie der Kunde, es sei denn, der Kunde stimmt einer anderen Zahlungsart zu. Die R\u00fcckerstattung erfolgt ohne Kosten f\u00fcr den Kunden. Wenn sich der Kunde f\u00fcr eine teurere Versandart als die billigste Standardlieferung entschieden hat, braucht der Anbieter die Mehrkosten f\u00fcr die teurere Versandart nicht zu erstatten.<\/p>\n\n\n\n<p>F\u00fcr den Widerruf kann der Kunde das Muster-Widerrufsformular und die dazugeh\u00f6rigen Musteranweisungen verwenden, die diesen Allgemeinen Gesch\u00e4ftsbedingungen beigef\u00fcgt sind.<\/p>\n\n\n\n<p><strong>Artikel 10 \u2013 Datenschutz<\/strong><\/p>\n\n\n\n<p>Bei der Eingabe der Daten des Kunden \u00fcber die Website k\u00f6nnen personenbezogene Daten im Sinne der Datenschutz-Grundverordnung \u00fcbermittelt werden. Daten in Bezug auf den Kunden und die durch den Kunden auf der Website vollzogenen Vorg\u00e4nge und Eink\u00e4ufe werden dem Kunden zur Verf\u00fcgung gestellt.<\/p>\n\n\n\n<p>Die vom Kunden \u00fcbermittelten personenbezogenen Daten werden durch den Anbieter und\/oder den Kunden verarbeitet, wobei der Zweck der Verarbeitung in der Erf\u00fcllung des Vertrags zwischen dem Kunden und dem Anbieter liegt; hierzu geh\u00f6ren auch die Rechnungsstellung und die Lieferung der von der betreffenden Person angeforderten Produkte.<\/p>\n\n\n\n<p>Der Kunde kann weitere Informationen in Bezug auf die Datenverarbeitung anfordern. Soweit zu diesen Daten auch Daten \u00fcber eine identifizierbare Person geh\u00f6ren, hat diese Person, vorbehaltlich geltender gesetzlicher Beschr\u00e4nkungen, das Recht, Auskunft \u00fcber die Verarbeitung dieser Daten durch den Anbieter zu verlangen, Zugang zu diesen Daten zu erhalten und den Anbieter aufzufordern, sie betreffende Daten, die ungenau, unvollst\u00e4ndig, irref\u00fchrend oder veraltet sind, zu korrigieren, zu vervollst\u00e4ndigen, zu aktualisieren, zu sperren oder zu l\u00f6schen. Eine solche Person hat zudem das Recht, sich der Verarbeitung von sie betreffenden Daten rechtm\u00e4\u00dfig zu widersetzen (insbesondere wenn sie nach geltendem Datenschutzrecht dazu berechtigt ist).<\/p>\n\n\n\n<p>Wenn der Anbieter personenbezogene Daten verarbeitet, geschieht dies entsprechend der Datenschutzerkl\u00e4rung, die der Kunde auf der Website des Dienstleisters einsehen kann (www.oracdecor.com) und von welcher der Kunde auf einfache schriftliche Anfrage an den Anbieter eine Kopie erhalten kann.<\/p>\n\n\n\n<p><strong>Artikel 11\u2013 Kontakt<\/strong><\/p>\n\n\n\n<p>F\u00fcr eine Kontaktaufnahme wenden Sie sich bitte an: Indirekte-Beleuchtung.com &#8211; Inh. Dennis Jackstien, per E-Mail an\u00a0info@indirekte-beleuchtung.com\u00a0<\/p>\n\n\n\n<p><strong>Artikel 12 \u2013 \u00c4nderung der AGB<\/strong><\/p>\n\n\n\n<p>Die aktuellen AGB k\u00f6nnen jederzeit ge\u00e4ndert werden. Jeder Kauf nach einer solchen \u00c4nderung setzt eine Annahme der neuen AGB durch den Kunden voraus. Die AGB k\u00f6nnen durch andere Gesch\u00e4ftsbedingungen erg\u00e4nzt oder abge\u00e4ndert werden, wenn auf diese ausdr\u00fccklich Bezug genommen wird, und wenn ausdr\u00fccklich vor dem Kauf des Kunden darauf hingewiesen wird.<\/p>\n\n\n\n<p>Sollte eine Bestimmung (oder ein Teil einer Bestimmung) dieser AGB ung\u00fcltig oder nicht durchsetzbar sein, so ber\u00fchrt dies nicht die G\u00fcltigkeit und Durchsetzbarkeit der \u00fcbrigen Bestimmungen dieser Allgemeinen Verkaufsbedingungen. In einem solchen Fall werden der Anbieter und der Kunde gem\u00e4\u00df den Grunds\u00e4tzen von Treu und Glauben in Verhandlung treten und die ung\u00fcltige oder nicht durchsetzbare Bestimmung durch eine rechtsg\u00fcltige und durchsetzbare Bestimmung ersetzen, die dem Gegenstand und Zweck der urspr\u00fcnglichen Bestimmung am n\u00e4chsten kommt. Gegebenenfalls best\u00e4tigen die Parteien, dass das Gericht befugt ist, die Vorgaben der betreffenden Klausel so weit abzuschw\u00e4chen, wie es innerhalb der hierauf zutreffenden gesetzlichen Grenzen zul\u00e4ssig ist.<\/p>\n\n\n\n<p><strong>Artikel 13 \u2013 Nachweise<\/strong><\/p>\n\n\n\n<p>Der Kunde erkl\u00e4rt sich damit einverstanden, dass elektronische Kommunikation (z. B. E-Mails), Dateien (z. B. Versandberichte) und Back-ups als Nachweise herangezogen werden k\u00f6nnen.<\/p>\n\n\n\n<p><strong>Artikel 14 \u2013 Haftung<\/strong><\/p>\n\n\n\n<p>Der Kunde nutzt die Website und den Online-Shop in eigener Verantwortung. Der Anbieter kann nicht f\u00fcr einen Ausfall oder eine Nichtverf\u00fcgbarkeit des Online-Shops aufgrund technischer Fehler haftbar gemacht werden. Der Anbieter kann nicht f\u00fcr Sch\u00e4den verantwortlich gemacht werden, die dem Kunden durch die Verbreitung eines Virus \u00fcber den Online-Shop entstehen.<\/p>\n\n\n\n<p>Der Anbieter garantiert, dass die Produkte und\/oder Dienstleistungen dem Vertrag, den im Angebot genannten Spezifikationen, den angemessenen Anforderungen an die Zuverl\u00e4ssigkeit und\/oder Verwendbarkeit und den zum Zeitpunkt des Vertragsabschlusses geltenden gesetzlichen Bestimmungen und\/oder beh\u00f6rdlichen Vorschriften entsprechen.<\/p>\n\n\n\n<p>Eine durch den Anbieter gew\u00e4hrte zus\u00e4tzliche Garantie schr\u00e4nkt niemals die gesetzlichen Rechte und Anspr\u00fcche ein, die der Kunde aufgrund des Vertrags gegen den Anbieter geltend machen kann, wenn der Anbieter seinen Teil des Vertrags nicht eingehalten hat. Unter einer zus\u00e4tzlichen Garantie versteht man jede Verpflichtung des Anbieters, dem Kunden bestimmte Rechte oder Anspr\u00fcche einzur\u00e4umen, die \u00fcber das hinausgehen, wozu er gesetzlich verpflichtet ist, wenn er seinen Teil des Vertrags nicht eingehalten hat.<\/p>\n\n\n\n<p>Die Haftung des Anbieters kann nicht geltend gemacht werden, wenn die Nichterf\u00fcllung seiner Verpflichtungen ganz oder teilweise, vor\u00fcbergehend oder dauerhaft, auf h\u00f6here Gewalt zur\u00fcckzuf\u00fchren ist, auch wenn dieser Umstand bei Vertragsabschluss vorhersehbar gewesen w\u00e4re. Hierunter werden beispielsweise folgende Situationen gerechnet: Krieg, extreme Witterungsbedingungen, Unruhen, Generalstreik bzw. Teil- oder Schwerpunktstreiks, Voll- oder Teilaussperrung, Infektionskrankheiten, Betriebsunf\u00e4lle, Feuer, Maschinenausfall, Konkurs von Lieferanten, Rohstoffmangel, Ersch\u00f6pfung der Lagerbest\u00e4nde, Verz\u00f6gerungen oder Ausf\u00e4lle bei Lieferungen durch Lieferanten des Anbieters, \u00dcberschwemmungen, hohe Fehlzeiten aufgrund von Krankheiten, Ausf\u00e4lle in den Bereichen Elektronik, IT, Internet oder Telekommunikation, Entscheidungen oder Ma\u00dfnahmen von Beh\u00f6rden (einschlie\u00dflich der Ablehnung oder Aufhebung einer Genehmigung oder Lizenz), der m\u00f6gliche Austritt des Vereinigten K\u00f6nigreichs aus der Europ\u00e4ischen Union (Brexit) und dessen Folgen, Kraftstoffmangel usw. Der Anbieter ist nicht verpflichtet, die Unberechenbarkeit und Unvorhersehbarkeit von Situationen h\u00f6herer Gewalt nachzuweisen.<\/p>\n\n\n\n<p>Treten andere als die im vorgenannten Absatz aufgef\u00fchrten unvorhergesehenen Umst\u00e4nde ein, die weder vom Anbieter noch vom Kunden verhindert werden k\u00f6nnen und die die wirtschaftliche Grundlage der Vereinbarung zum Nachteil einer der beteiligten Parteien beeintr\u00e4chtigen, wie beispielsweise der m\u00f6gliche Austritt des Vereinigten K\u00f6nigreichs aus der Europ\u00e4ischen Union (Brexit) und dessen Folgen, so m\u00fcssen sich die Parteien gemeinsam auf die erforderlichen Vertragsanpassungen einigen.<\/p>\n\n\n\n<p><strong>Art. 15 &#8211; Geltendes Recht und Gerichtsstand<\/strong><\/p>\n\n\n\n<p>F\u00fcr den Abschluss sowie die Auslegung, Ausf\u00fchrung und Beendigung des Vertrages zwischen dem Kunden und dem Anbieter gilt belgisches Recht.<\/p>\n\n\n\n<p>Streitf\u00e4lle unterliegen der ausschlie\u00dflichen Zust\u00e4ndigkeit des Gerichtsbezirks, zu welchem der Gesellschaftssitz des Anbieters geh\u00f6rt.<\/p>\n","protected":false},"excerpt":{"rendered":"<p>Artikel 1 \u2013 Identit\u00e4t des Anbieters und Eigenschaft des Verbrauchers Die folgenden allgemeinen Gesch\u00e4ftsbedingungen (AGB) regeln das Vertragsverh\u00e4ltnis zwischen der Firma Indirekte-Beleuchtung.com &#8211; Inh. Dennis Jackstien, Kochstra\u00dfe 24a, 04275 (nachfolgend &#8222;Anbieter&#8220; genannt) und den Verbrauchern und Unternehmern (nachfolgend &#8222;Kunde&#8220; genannt), die \u00fcber unseren Shop www.indirekte-beleuchtung-com Waren kaufen. Entgegenstehende oder von unseren Gesch\u00e4ftsbedingungen abweichende Bedingungen werden [&hellip;]<\/p>\n","protected":false},"author":1,"featured_media":0,"parent":0,"menu_order":0,"comment_status":"closed","ping_status":"closed","template":"","meta":{"_et_pb_use_builder":"","_et_pb_old_content":"","_et_gb_content_width":"","footnotes":""},"class_list":["post-15","page","type-page","status-publish","hentry"],"_links":{"self":[{"href":"https:\/\/indirekte-beleuchtung.com\/shop\/wp-json\/wp\/v2\/pages\/15","targetHints":{"allow":["GET"]}}],"collection":[{"href":"https:\/\/indirekte-beleuchtung.com\/shop\/wp-json\/wp\/v2\/pages"}],"about":[{"href":"https:\/\/indirekte-beleuchtung.com\/shop\/wp-json\/wp\/v2\/types\/page"}],"author":[{"embeddable":true,"href":"https:\/\/indirekte-beleuchtung.com\/shop\/wp-json\/wp\/v2\/users\/1"}],"replies":[{"embeddable":true,"href":"https:\/\/indirekte-beleuchtung.com\/shop\/wp-json\/wp\/v2\/comments?post=15"}],"version-history":[{"count":0,"href":"https:\/\/indirekte-beleuchtung.com\/shop\/wp-json\/wp\/v2\/pages\/15\/revisions"}],"wp:attachment":[{"href":"https:\/\/indirekte-beleuchtung.com\/shop\/wp-json\/wp\/v2\/media?parent=15"}],"curies":[{"name":"wp","href":"https:\/\/api.w.org\/{rel}","templated":true}]}}